{"id":20,"date":"2026-05-17T07:01:42","date_gmt":"2026-05-17T07:01:42","guid":{"rendered":"https:\/\/associados.imprensaamazonica.com.br\/index.php\/reset\/"},"modified":"2026-05-17T07:01:42","modified_gmt":"2026-05-17T07:01:42","slug":"reset","status":"publish","type":"page","link":"https:\/\/associados.imprensaamazonica.com.br\/index.php\/reset\/","title":{"rendered":"Reset"},"content":{"rendered":"\t\t<div data-elementor-type=\"wp-page\" data-elementor-id=\"20\" class=\"elementor elementor-20\">\n\t\t\t\t<div class=\"elementor-element elementor-element-63dc9875 e-con-full e-flex e-con e-parent\" data-id=\"63dc9875\" data-element_type=\"container\" data-e-type=\"container\">\n\t\t<div class=\"elementor-element elementor-element-5cde1561 e-con-full e-flex e-con e-child\" data-id=\"5cde1561\" data-element_type=\"container\" data-e-type=\"container\" data-settings=\"{&quot;background_background&quot;:&quot;classic&quot;}\">\n\t\t<div class=\"elementor-element elementor-element-16becc56 e-con-full e-flex e-con e-child\" data-id=\"16becc56\" data-element_type=\"container\" data-e-type=\"container\">\n\t\t\t\t<div class=\"elementor-element elementor-element-4945f353 elementor-widget elementor-widget-image\" data-id=\"4945f353\" data-element_type=\"widget\" data-e-type=\"widget\" data-widget_type=\"image.default\">\n\t\t\t\t\t\t\t\t\t\t\t\t\t\t\t<img fetchpriority=\"high\" decoding=\"async\" width=\"560\" height=\"117\" src=\"https:\/\/associados.imprensaamazonica.com.br\/wp-content\/uploads\/2026\/05\/artlogo-co-copiar-copiar-2.webp\" class=\"attachment-large size-large wp-image-21\" alt=\"\" srcset=\"https:\/\/associados.imprensaamazonica.com.br\/wp-content\/uploads\/2026\/05\/artlogo-co-copiar-copiar-2.webp 560w, https:\/\/associados.imprensaamazonica.com.br\/wp-content\/uploads\/2026\/05\/artlogo-co-copiar-copiar-2-300x63.webp 300w\" sizes=\"(max-width: 560px) 100vw, 560px\" \/>\t\t\t\t\t\t\t\t\t\t\t\t\t\t\t<\/div>\n\t\t\t\t<div class=\"elementor-element elementor-element-629bcebe elementor-widget elementor-widget-custom-reset-password-form\" data-id=\"629bcebe\" data-element_type=\"widget\" data-e-type=\"widget\" data-widget_type=\"custom-reset-password-form.default\">\n\t\t\t\t<div class=\"elementor-widget-container\">\n\t\t\t\t\t<div class=\"clr-notice error\" role=\"alert\">Link inv\u00e1lido ou expirado. Solicite uma nova redefini\u00e7\u00e3o.<\/div>\t\t\t\t<\/div>\n\t\t\t\t<\/div>\n\t\t\t\t<\/div>\n\t\t\t\t<\/div>\n\t\t\t\t<\/div>\n\t\t\t\t<\/div>\n\t\t","protected":false},"excerpt":{"rendered":"<p>Link inv\u00e1lido ou expirado. Solicite uma nova redefini\u00e7\u00e3o.<\/p>\n","protected":false},"author":1,"featured_media":0,"parent":0,"menu_order":0,"comment_status":"closed","ping_status":"closed","template":"elementor_theme_base","meta":{"footnotes":""},"class_list":["post-20","page","type-page","status-publish","hentry"],"_links":{"self":[{"href":"https:\/\/associados.imprensaamazonica.com.br\/index.php\/wp-json\/wp\/v2\/pages\/20","targetHints":{"allow":["GET"]}}],"collection":[{"href":"https:\/\/associados.imprensaamazonica.com.br\/index.php\/wp-json\/wp\/v2\/pages"}],"about":[{"href":"https:\/\/associados.imprensaamazonica.com.br\/index.php\/wp-json\/wp\/v2\/types\/page"}],"author":[{"embeddable":true,"href":"https:\/\/associados.imprensaamazonica.com.br\/index.php\/wp-json\/wp\/v2\/users\/1"}],"replies":[{"embeddable":true,"href":"https:\/\/associados.imprensaamazonica.com.br\/index.php\/wp-json\/wp\/v2\/comments?post=20"}],"version-history":[{"count":2,"href":"https:\/\/associados.imprensaamazonica.com.br\/index.php\/wp-json\/wp\/v2\/pages\/20\/revisions"}],"predecessor-version":[{"id":23,"href":"https:\/\/associados.imprensaamazonica.com.br\/index.php\/wp-json\/wp\/v2\/pages\/20\/revisions\/23"}],"wp:attachment":[{"href":"https:\/\/associados.imprensaamazonica.com.br\/index.php\/wp-json\/wp\/v2\/media?parent=20"}],"curies":[{"name":"wp","href":"https:\/\/api.w.org\/{rel}","templated":true}]}}