{"id":15,"date":"2026-05-17T07:01:42","date_gmt":"2026-05-17T07:01:42","guid":{"rendered":"https:\/\/associados.imprensaamazonica.com.br\/index.php\/entrar\/"},"modified":"2026-05-17T07:01:42","modified_gmt":"2026-05-17T07:01:42","slug":"entrar","status":"publish","type":"page","link":"https:\/\/associados.imprensaamazonica.com.br\/index.php\/entrar\/","title":{"rendered":"Login"},"content":{"rendered":"\t\t<div data-elementor-type=\"wp-page\" data-elementor-id=\"15\" class=\"elementor elementor-15\">\n\t\t\t\t<div class=\"elementor-element elementor-element-68432a49 e-con-full e-flex e-con e-parent\" data-id=\"68432a49\" data-element_type=\"container\" data-e-type=\"container\">\n\t\t<div class=\"elementor-element elementor-element-45c2ffa9 e-con-full elementor-hidden-mobile e-flex e-con e-child\" data-id=\"45c2ffa9\" data-element_type=\"container\" data-e-type=\"container\" data-settings=\"{&quot;background_background&quot;:&quot;classic&quot;}\">\n\t\t\t\t<\/div>\n\t\t<div class=\"elementor-element elementor-element-3a1c879a e-con-full e-flex e-con e-child\" data-id=\"3a1c879a\" data-element_type=\"container\" data-e-type=\"container\" data-settings=\"{&quot;background_background&quot;:&quot;classic&quot;}\">\n\t\t<div class=\"elementor-element elementor-element-6ccb5379 e-con-full e-flex e-con e-child\" data-id=\"6ccb5379\" data-element_type=\"container\" data-e-type=\"container\" data-settings=\"{&quot;background_background&quot;:&quot;classic&quot;}\">\n\t\t\t\t<div class=\"elementor-element elementor-element-4ff0f74d elementor-widget elementor-widget-image\" data-id=\"4ff0f74d\" data-element_type=\"widget\" data-e-type=\"widget\" data-widget_type=\"image.default\">\n\t\t\t\t\t\t\t\t\t\t\t\t\t\t\t<img fetchpriority=\"high\" decoding=\"async\" width=\"560\" height=\"117\" src=\"https:\/\/associados.imprensaamazonica.com.br\/wp-content\/uploads\/2026\/05\/artlogo-co-copiar-copiar-1.webp\" class=\"attachment-large size-large wp-image-16\" alt=\"\" srcset=\"https:\/\/associados.imprensaamazonica.com.br\/wp-content\/uploads\/2026\/05\/artlogo-co-copiar-copiar-1.webp 560w, https:\/\/associados.imprensaamazonica.com.br\/wp-content\/uploads\/2026\/05\/artlogo-co-copiar-copiar-1-300x63.webp 300w\" sizes=\"(max-width: 560px) 100vw, 560px\" \/>\t\t\t\t\t\t\t\t\t\t\t\t\t\t\t<\/div>\n\t\t\t\t<div class=\"elementor-element elementor-element-4cdc9b81 elementor-widget elementor-widget-custom-login-form\" data-id=\"4cdc9b81\" data-element_type=\"widget\" data-e-type=\"widget\" data-widget_type=\"custom-login-form.default\">\n\t\t\t\t<div class=\"elementor-widget-container\">\n\t\t\t\t\t\n         <style>\n            \/* Avisos (sempre vis\u00edveis em fundos escuros ou claros) *\/\n            .clr-notice{display:inline-flex;align-items:center;gap:8px;margin:8px 0 16px;padding:10px 14px;border-radius:9999px;font-weight:600;line-height:1.3;background:#F3F4F6;color:#111827;border:1px solid #E5E7EB}\n            .clr-notice::before{content:\"\\2139\\FE0F\"; \/* \u2139\ufe0f *\/ font-size:14px}\n            .clr-notice.error{background:#FEE2E2;color:#B91C1C;border-color:#FCA5A5}\n            .clr-notice.error::before{content:\"\\26A0\\FE0F\"; \/* \u26a0\ufe0f *\/}\n            .clr-notice.success{background:#DCFCE7;color:#166534;border-color:#86EFAC}\n            .clr-notice.success::before{content:\"\\2705\"; \/* \u2705 *\/}\n            \/* Ajustes de espa\u00e7amento e alinhamento *\/\n            .clr-form-row {\n                margin-bottom: 16px; \/* Espa\u00e7amento padr\u00e3o entre os campos *\/\n            }\n            #clr-login-wrapper form label:not(.rememberme),\n            #clr-recovery-form form label {\n                display: block;\n                margin-bottom: 8px; \/* Espa\u00e7amento uniforme entre label e input *\/\n            }\n            #clr-login-wrapper .clr-row {\n                display: flex;\n                align-items: center; \/* Alinha verticalmente os itens *\/\n                justify-content: space-between;\n                margin-top: 8px;\n                margin-bottom: 20px; \/* Espa\u00e7o antes do bot\u00e3o de entrar *\/\n            }\n            #clr-login-wrapper .rememberme {\n                display: flex;\n                align-items: center;\n                gap: 8px;\n                margin: 0;\n            }\n            #clr-login-wrapper .clr-forgot {\n                margin: 0; \/* Remove margens do <p> para alinhar com o checkbox *\/\n            }\n\n            \/* Estilos funcionais (mantidos) *\/\n            #clr-login-wrapper form .submit input[type=\"submit\"]{width:100%;}\n            #clr-login-wrapper .clr-password-field{position:relative;}\n            #clr-login-wrapper .clr-toggle-password{position:absolute;right:10px;top:50%;transform:translateY(-50%);background:transparent;border:0;cursor:pointer;padding:0 4px;}\n            #clr-login-wrapper .clr-toggle-password .dashicons{font-size:20px;line-height:1;}\n            \/* Remover borda\/outline do bot\u00e3o ao customizar cor *\/\n            #clr-login-wrapper form .submit input[type=\"submit\"],\n            #clr-login-wrapper form button[type=\"submit\"] {\n                border: none !important;\n                box-shadow: none !important;\n                outline: none !important;\n            }\n            #clr-login-wrapper form .submit input[type=\"submit\"]:hover,\n            #clr-login-wrapper form .submit input[type=\"submit\"]:focus,\n            #clr-login-wrapper form button[type=\"submit\"]:hover,\n            #clr-login-wrapper form button[type=\"submit\"]:focus {\n                border: none !important;\n                box-shadow: none !important;\n                outline: none !important;\n            }\n          <\/style>\n         <div id=\"clr-login-wrapper\" class=\"clr-login-wrapper\">\n           <form name=\"loginform\" id=\"loginform_clr_6a0976c88c0e9\" action=\"https:\/\/associados.imprensaamazonica.com.br\/wp-login.php?redirect_to=https%3A%2F%2Fassociados.imprensaamazonica.com.br%2F\" method=\"post\">\n             <div class=\"login-username clr-form-row\">\n               <label for=\"user_login_clr_6a0976c88c0e9\">Usu\u00e1rio<\/label>\n               <input type=\"text\" name=\"log\" id=\"user_login_clr_6a0976c88c0e9\" class=\"input\" value=\"\" size=\"20\" autocomplete=\"username\" placeholder=\"Digite seu login ou e-mail de acesso\">\n             <\/div>\n             <div class=\"login-password clr-form-row\">\n               <label for=\"user_pass_clr_6a0976c88c0e9\">Senha<\/label>\n               <div class=\"clr-password-field\">\n                 <input type=\"password\" name=\"pwd\" id=\"user_pass_clr_6a0976c88c0e9\" class=\"input\" value=\"\" size=\"20\" autocomplete=\"current-password\" placeholder=\"Digite sua senha\">\n                 <button type=\"button\" class=\"clr-toggle-password\" aria-label=\"Mostrar senha\">\n                   <span class=\"dashicons dashicons-visibility\" aria-hidden=\"true\"><\/span>\n                 <\/button>\n               <\/div>\n             <\/div>\n             <div class=\"clr-row\">\n               <label class=\"rememberme\" for=\"rememberme_clr_6a0976c88c0e9\">\n                 <input name=\"rememberme\" type=\"checkbox\" id=\"rememberme_clr_6a0976c88c0e9\" value=\"forever\"> Lembrar\n               <\/label>\n               <p class=\"clr-forgot\"><a href=\"#\">Esqueci minha senha<\/a><\/p>\n             <\/div>\n             <p class=\"submit\">\n               <input type=\"hidden\" name=\"redirect_to\" value=\"https:\/\/associados.imprensaamazonica.com.br\/\">\n               <input type=\"submit\" name=\"wp-submit\" id=\"wp-submit_clr_6a0976c88c0e9\" class=\"button button-primary button-large\" value=\"Entrar\">\n             <\/p>\n           <\/form>\n         <\/div>\n         <div id=\"clr-recovery-form\" style=\"display:none;\">\n             <p class=\"status-message clr-notice\" style=\"display:none\"><\/p>\n             <form name=\"lostpasswordform\" id=\"lostpasswordform\" action=\"https:\/\/associados.imprensaamazonica.com.br\/wp-login.php?action=lostpassword\" method=\"post\">\n                 <div class=\"clr-form-row\">\n                     <label for=\"user_login_recovery\">E-mail ou nome de usu\u00e1rio<\/label>\n                     <input type=\"text\" name=\"user_login\" id=\"user_login_recovery\" class=\"input\" value=\"\" size=\"20\">\n                 <\/div>\n                 <input type=\"hidden\" name=\"redirect_to\" value=\"\">\n                 <p class=\"submit\">\n                     <input type=\"submit\" name=\"wp-submit\" id=\"wp-submit-recovery\" class=\"button button-primary button-large\" value=\"Enviar link de redefini\u00e7\u00e3o\">\n                 <\/p>\n             <\/form>\n             <p class=\"clr-back-to-login\"><a href=\"#\">&larr; Voltar ao login<\/a><\/p>\n         <\/div>         <script type=\"text\/javascript\">\n         document.addEventListener('DOMContentLoaded', function() {\n             const loginWrapper = document.getElementById('clr-login-wrapper');\n             const recoveryForm = document.getElementById('clr-recovery-form');\n             const forgotLink = document.querySelector('.clr-forgot a');\n             const backLink = document.querySelector('.clr-back-to-login a');\n             const recoverySubmit = document.getElementById('lostpasswordform');\n             const statusMessage = recoveryForm ? recoveryForm.querySelector('.status-message') : null;\n\n             \/\/ Mostrar\/ocultar formul\u00e1rio de recupera\u00e7\u00e3o\n             if (forgotLink) {\n                 forgotLink.addEventListener('click', function(e) {\n                     e.preventDefault();\n                     if (loginWrapper && recoveryForm) {\n                         loginWrapper.style.display = 'none';\n                         recoveryForm.style.display = 'block';\n                     }\n                 });\n             }\n             if (backLink) {\n                 backLink.addEventListener('click', function(e) {\n                     e.preventDefault();\n                     if (loginWrapper && recoveryForm) {\n                         loginWrapper.style.display = 'block';\n                         recoveryForm.style.display = 'none';\n                     }\n                 });\n             }\n\n             \/\/ Alternar visibilidade da senha\n             const pwdInput = document.getElementById('user_pass_clr_6a0976c88c0e9');\n             const toggleBtn = document.querySelector('#clr-login-wrapper .clr-toggle-password');\n             if (pwdInput && toggleBtn) {\n                 toggleBtn.addEventListener('click', function(){\n                 const isHidden = pwdInput.type === 'password';\n                 pwdInput.type = isHidden ? 'text' : 'password';\n                 toggleBtn.setAttribute('aria-label', isHidden ? 'Ocultar senha' : 'Mostrar senha');\n                 toggleBtn.querySelector('.dashicons').className = isHidden ? 'dashicons dashicons-hidden' : 'dashicons dashicons-visibility';\n             });\n             }\n\n             \/\/ Envio AJAX para recupera\u00e7\u00e3o\n             if (recoverySubmit && statusMessage) {\n                 recoverySubmit.addEventListener('submit', function(e) {\n                     e.preventDefault();\n                     const formData = new FormData(recoverySubmit);\n                     formData.append('action', 'clr_lost_password');\n\n                     statusMessage.textContent = 'Enviando...';\n                     statusMessage.className = 'status-message clr-notice';\n                     statusMessage.style.display = 'inline-flex';\n\n                     fetch('https:\/\/associados.imprensaamazonica.com.br\/wp-admin\/admin-ajax.php', {\n                         method: 'POST',\n                         body: formData\n                     })\n                     .then(response => response.json())\n                     .then(data => {\n                         if (data.success) {\n                             statusMessage.textContent = data.data.message;\n                             statusMessage.className = 'status-message clr-notice success';\n                             recoverySubmit.reset();\n                         } else {\n                             statusMessage.textContent = data.data.message;\n                             statusMessage.className = 'status-message clr-notice error';\n                         }\n                     })\n                     .catch(() => {\n                         statusMessage.textContent = 'Ocorreu um erro. Tente novamente.';\n                         statusMessage.className = 'status-message clr-notice error';\n                     });\n                 });\n             }\n         });\n         <\/script>\n         \t\t\t\t<\/div>\n\t\t\t\t<\/div>\n\t\t\t\t<\/div>\n\t\t\t\t<\/div>\n\t\t\t\t<\/div>\n\t\t\t\t<\/div>\n\t\t","protected":false},"excerpt":{"rendered":"<p>Voc\u00ea j\u00e1 est\u00e1 logado.<\/p>\n","protected":false},"author":1,"featured_media":0,"parent":0,"menu_order":0,"comment_status":"closed","ping_status":"closed","template":"elementor_theme_base","meta":{"footnotes":""},"class_list":["post-15","page","type-page","status-publish","hentry"],"_links":{"self":[{"href":"https:\/\/associados.imprensaamazonica.com.br\/index.php\/wp-json\/wp\/v2\/pages\/15","targetHints":{"allow":["GET"]}}],"collection":[{"href":"https:\/\/associados.imprensaamazonica.com.br\/index.php\/wp-json\/wp\/v2\/pages"}],"about":[{"href":"https:\/\/associados.imprensaamazonica.com.br\/index.php\/wp-json\/wp\/v2\/types\/page"}],"author":[{"embeddable":true,"href":"https:\/\/associados.imprensaamazonica.com.br\/index.php\/wp-json\/wp\/v2\/users\/1"}],"replies":[{"embeddable":true,"href":"https:\/\/associados.imprensaamazonica.com.br\/index.php\/wp-json\/wp\/v2\/comments?post=15"}],"version-history":[{"count":2,"href":"https:\/\/associados.imprensaamazonica.com.br\/index.php\/wp-json\/wp\/v2\/pages\/15\/revisions"}],"predecessor-version":[{"id":19,"href":"https:\/\/associados.imprensaamazonica.com.br\/index.php\/wp-json\/wp\/v2\/pages\/15\/revisions\/19"}],"wp:attachment":[{"href":"https:\/\/associados.imprensaamazonica.com.br\/index.php\/wp-json\/wp\/v2\/media?parent=15"}],"curies":[{"name":"wp","href":"https:\/\/api.w.org\/{rel}","templated":true}]}}